{"id":132,"date":"2023-12-21T08:53:06","date_gmt":"2023-12-21T08:53:06","guid":{"rendered":"https:\/\/vector-pestcontrol.sharpgroup.co\/?page_id=132"},"modified":"2024-01-16T13:47:41","modified_gmt":"2024-01-16T13:47:41","slug":"services","status":"publish","type":"page","link":"https:\/\/vector-pestcontrol.sharpgroup.co\/index.php\/services\/","title":{"rendered":"Sherbimet"},"content":{"rendered":"\t\t<div data-elementor-type=\"wp-page\" data-elementor-id=\"132\" class=\"elementor elementor-132\" data-elementor-post-type=\"page\">\n\t\t\t\t\t\t\t\t\t<section class=\"elementor-section elementor-top-section elementor-element elementor-element-defb850 elementor-section-full_width elementor-section-height-default elementor-section-height-default\" data-id=\"defb850\" data-element_type=\"section\" data-settings=\"{&quot;background_background&quot;:&quot;classic&quot;}\">\n\t\t\t\t\t\t<div class=\"elementor-container elementor-column-gap-default\">\n\t\t\t\t\t<div class=\"elementor-column elementor-col-100 elementor-top-column elementor-element elementor-element-575f709\" data-id=\"575f709\" data-element_type=\"column\">\n\t\t\t<div class=\"elementor-widget-wrap elementor-element-populated\">\n\t\t\t\t\t\t\t\t<section class=\"elementor-section elementor-inner-section elementor-element elementor-element-5af21ce elementor-section-full_width elementor-section-height-default elementor-section-height-default\" data-id=\"5af21ce\" data-element_type=\"section\">\n\t\t\t\t\t\t<div class=\"elementor-container elementor-column-gap-default\">\n\t\t\t\t\t<div class=\"elementor-column elementor-col-50 elementor-inner-column elementor-element elementor-element-36312cb\" data-id=\"36312cb\" data-element_type=\"column\">\n\t\t\t<div class=\"elementor-widget-wrap elementor-element-populated\">\n\t\t\t\t\t\t\t\t<div class=\"elementor-element elementor-element-51e086a elementor-widget elementor-widget-heading\" data-id=\"51e086a\" data-element_type=\"widget\" data-widget_type=\"heading.default\">\n\t\t\t\t<div class=\"elementor-widget-container\">\n\t\t\t<style>\/*! elementor - v3.18.0 - 20-12-2023 *\/\n.elementor-heading-title{padding:0;margin:0;line-height:1}.elementor-widget-heading .elementor-heading-title[class*=elementor-size-]>a{color:inherit;font-size:inherit;line-height:inherit}.elementor-widget-heading .elementor-heading-title.elementor-size-small{font-size:15px}.elementor-widget-heading .elementor-heading-title.elementor-size-medium{font-size:19px}.elementor-widget-heading .elementor-heading-title.elementor-size-large{font-size:29px}.elementor-widget-heading .elementor-heading-title.elementor-size-xl{font-size:39px}.elementor-widget-heading .elementor-heading-title.elementor-size-xxl{font-size:59px}<\/style><h2 class=\"elementor-heading-title elementor-size-default\">Sherbimet Tona<\/h2>\t\t<\/div>\n\t\t\t\t<\/div>\n\t\t\t\t\t<\/div>\n\t\t<\/div>\n\t\t\t\t<div class=\"elementor-column elementor-col-50 elementor-inner-column elementor-element elementor-element-d3e4798\" data-id=\"d3e4798\" data-element_type=\"column\">\n\t\t\t<div class=\"elementor-widget-wrap\">\n\t\t\t\t\t\t\t\t\t<\/div>\n\t\t<\/div>\n\t\t\t\t\t\t\t<\/div>\n\t\t<\/section>\n\t\t\t\t\t<\/div>\n\t\t<\/div>\n\t\t\t\t\t\t\t<\/div>\n\t\t<\/section>\n\t\t\t\t<section class=\"elementor-section elementor-top-section elementor-element elementor-element-8000fbb elementor-section-full_width elementor-section-height-default elementor-section-height-default\" data-id=\"8000fbb\" data-element_type=\"section\" data-settings=\"{&quot;background_background&quot;:&quot;classic&quot;}\">\n\t\t\t\t\t\t<div class=\"elementor-container elementor-column-gap-default\">\n\t\t\t\t\t<div class=\"elementor-column elementor-col-25 elementor-top-column elementor-element elementor-element-1d6a6ac\" data-id=\"1d6a6ac\" data-element_type=\"column\">\n\t\t\t<div class=\"elementor-widget-wrap elementor-element-populated\">\n\t\t\t\t\t\t\t\t<section class=\"elementor-section elementor-inner-section elementor-element elementor-element-bf7ee3e elementor-section-boxed elementor-section-height-default elementor-section-height-default\" data-id=\"bf7ee3e\" data-element_type=\"section\" data-settings=\"{&quot;background_background&quot;:&quot;classic&quot;}\">\n\t\t\t\t\t\t<div class=\"elementor-container elementor-column-gap-default\">\n\t\t\t\t\t<div class=\"elementor-column elementor-col-100 elementor-inner-column elementor-element elementor-element-bccc657\" data-id=\"bccc657\" data-element_type=\"column\" data-settings=\"{&quot;background_background&quot;:&quot;classic&quot;}\">\n\t\t\t<div class=\"elementor-widget-wrap elementor-element-populated\">\n\t\t\t\t\t\t\t\t<div class=\"elementor-element elementor-element-b05352f elementor-widget elementor-widget-image\" data-id=\"b05352f\" data-element_type=\"widget\" data-widget_type=\"image.default\">\n\t\t\t\t<div class=\"elementor-widget-container\">\n\t\t\t<style>\/*! elementor - v3.18.0 - 20-12-2023 *\/\n.elementor-widget-image{text-align:center}.elementor-widget-image a{display:inline-block}.elementor-widget-image a img[src$=\".svg\"]{width:48px}.elementor-widget-image img{vertical-align:middle;display:inline-block}<\/style>\t\t\t\t\t\t\t\t\t\t\t\t<img fetchpriority=\"high\" decoding=\"async\" width=\"800\" height=\"534\" src=\"https:\/\/vector-pestcontrol.sharpgroup.co\/wp-content\/uploads\/2023\/12\/people-disinfecting-biohazard-area-1-1-1024x683.jpg\" class=\"attachment-large size-large wp-image-91\" alt=\"\" srcset=\"https:\/\/vector-pestcontrol.sharpgroup.co\/wp-content\/uploads\/2023\/12\/people-disinfecting-biohazard-area-1-1-1024x683.jpg 1024w, https:\/\/vector-pestcontrol.sharpgroup.co\/wp-content\/uploads\/2023\/12\/people-disinfecting-biohazard-area-1-1-300x200.jpg 300w, https:\/\/vector-pestcontrol.sharpgroup.co\/wp-content\/uploads\/2023\/12\/people-disinfecting-biohazard-area-1-1-768x512.jpg 768w, https:\/\/vector-pestcontrol.sharpgroup.co\/wp-content\/uploads\/2023\/12\/people-disinfecting-biohazard-area-1-1-1536x1024.jpg 1536w, https:\/\/vector-pestcontrol.sharpgroup.co\/wp-content\/uploads\/2023\/12\/people-disinfecting-biohazard-area-1-1-2048x1365.jpg 2048w\" sizes=\"(max-width: 800px) 100vw, 800px\" \/>\t\t\t\t\t\t\t\t\t\t\t\t\t\t\t<\/div>\n\t\t\t\t<\/div>\n\t\t\t\t<div class=\"elementor-element elementor-element-312de01 elementor-widget elementor-widget-heading\" data-id=\"312de01\" data-element_type=\"widget\" data-widget_type=\"heading.default\">\n\t\t\t\t<div class=\"elementor-widget-container\">\n\t\t\t<h2 class=\"elementor-heading-title elementor-size-default\">Dezinfektim<\/h2>\t\t<\/div>\n\t\t\t\t<\/div>\n\t\t\t\t<div class=\"elementor-element elementor-element-9be6f0f elementor-widget-divider--view-line elementor-widget elementor-widget-divider\" data-id=\"9be6f0f\" data-element_type=\"widget\" data-widget_type=\"divider.default\">\n\t\t\t\t<div class=\"elementor-widget-container\">\n\t\t\t<style>\/*! elementor - v3.18.0 - 20-12-2023 *\/\n.elementor-widget-divider{--divider-border-style:none;--divider-border-width:1px;--divider-color:#0c0d0e;--divider-icon-size:20px;--divider-element-spacing:10px;--divider-pattern-height:24px;--divider-pattern-size:20px;--divider-pattern-url:none;--divider-pattern-repeat:repeat-x}.elementor-widget-divider .elementor-divider{display:flex}.elementor-widget-divider .elementor-divider__text{font-size:15px;line-height:1;max-width:95%}.elementor-widget-divider .elementor-divider__element{margin:0 var(--divider-element-spacing);flex-shrink:0}.elementor-widget-divider .elementor-icon{font-size:var(--divider-icon-size)}.elementor-widget-divider .elementor-divider-separator{display:flex;margin:0;direction:ltr}.elementor-widget-divider--view-line_icon .elementor-divider-separator,.elementor-widget-divider--view-line_text .elementor-divider-separator{align-items:center}.elementor-widget-divider--view-line_icon .elementor-divider-separator:after,.elementor-widget-divider--view-line_icon .elementor-divider-separator:before,.elementor-widget-divider--view-line_text .elementor-divider-separator:after,.elementor-widget-divider--view-line_text .elementor-divider-separator:before{display:block;content:\"\";border-bottom:0;flex-grow:1;border-top:var(--divider-border-width) var(--divider-border-style) var(--divider-color)}.elementor-widget-divider--element-align-left .elementor-divider .elementor-divider-separator>.elementor-divider__svg:first-of-type{flex-grow:0;flex-shrink:100}.elementor-widget-divider--element-align-left .elementor-divider-separator:before{content:none}.elementor-widget-divider--element-align-left .elementor-divider__element{margin-left:0}.elementor-widget-divider--element-align-right .elementor-divider .elementor-divider-separator>.elementor-divider__svg:last-of-type{flex-grow:0;flex-shrink:100}.elementor-widget-divider--element-align-right .elementor-divider-separator:after{content:none}.elementor-widget-divider--element-align-right .elementor-divider__element{margin-right:0}.elementor-widget-divider:not(.elementor-widget-divider--view-line_text):not(.elementor-widget-divider--view-line_icon) .elementor-divider-separator{border-top:var(--divider-border-width) var(--divider-border-style) var(--divider-color)}.elementor-widget-divider--separator-type-pattern{--divider-border-style:none}.elementor-widget-divider--separator-type-pattern.elementor-widget-divider--view-line .elementor-divider-separator,.elementor-widget-divider--separator-type-pattern:not(.elementor-widget-divider--view-line) .elementor-divider-separator:after,.elementor-widget-divider--separator-type-pattern:not(.elementor-widget-divider--view-line) .elementor-divider-separator:before,.elementor-widget-divider--separator-type-pattern:not([class*=elementor-widget-divider--view]) .elementor-divider-separator{width:100%;min-height:var(--divider-pattern-height);-webkit-mask-size:var(--divider-pattern-size) 100%;mask-size:var(--divider-pattern-size) 100%;-webkit-mask-repeat:var(--divider-pattern-repeat);mask-repeat:var(--divider-pattern-repeat);background-color:var(--divider-color);-webkit-mask-image:var(--divider-pattern-url);mask-image:var(--divider-pattern-url)}.elementor-widget-divider--no-spacing{--divider-pattern-size:auto}.elementor-widget-divider--bg-round{--divider-pattern-repeat:round}.rtl .elementor-widget-divider .elementor-divider__text{direction:rtl}.e-con-inner>.elementor-widget-divider,.e-con>.elementor-widget-divider{width:var(--container-widget-width,100%);--flex-grow:var(--container-widget-flex-grow)}<\/style>\t\t<div class=\"elementor-divider\">\n\t\t\t<span class=\"elementor-divider-separator\">\n\t\t\t\t\t\t<\/span>\n\t\t<\/div>\n\t\t\t\t<\/div>\n\t\t\t\t<\/div>\n\t\t\t\t<div class=\"elementor-element elementor-element-e5a0a9c elementor-widget elementor-widget-heading\" data-id=\"e5a0a9c\" data-element_type=\"widget\" data-widget_type=\"heading.default\">\n\t\t\t\t<div class=\"elementor-widget-container\">\n\t\t\t<h2 class=\"elementor-heading-title elementor-size-default\">Siguria n\u00eb \u00e7do hap, jemi partner\u00eb n\u00eb dezinfektim dhe dezinsektim!<\/h2>\t\t<\/div>\n\t\t\t\t<\/div>\n\t\t\t\t\t<\/div>\n\t\t<\/div>\n\t\t\t\t\t\t\t<\/div>\n\t\t<\/section>\n\t\t\t\t\t<\/div>\n\t\t<\/div>\n\t\t\t\t<div class=\"elementor-column elementor-col-25 elementor-top-column elementor-element elementor-element-c9b1e1e\" data-id=\"c9b1e1e\" data-element_type=\"column\">\n\t\t\t<div class=\"elementor-widget-wrap elementor-element-populated\">\n\t\t\t\t\t\t\t\t<section class=\"elementor-section elementor-inner-section elementor-element elementor-element-4b0223a elementor-section-boxed elementor-section-height-default elementor-section-height-default\" data-id=\"4b0223a\" data-element_type=\"section\">\n\t\t\t\t\t\t<div class=\"elementor-container elementor-column-gap-default\">\n\t\t\t\t\t<div class=\"elementor-column elementor-col-100 elementor-inner-column elementor-element elementor-element-d94c5a9\" data-id=\"d94c5a9\" data-element_type=\"column\" data-settings=\"{&quot;background_background&quot;:&quot;classic&quot;}\">\n\t\t\t<div class=\"elementor-widget-wrap elementor-element-populated\">\n\t\t\t\t\t\t\t\t<div class=\"elementor-element elementor-element-c3a6ddc elementor-widget elementor-widget-image\" data-id=\"c3a6ddc\" data-element_type=\"widget\" data-widget_type=\"image.default\">\n\t\t\t\t<div class=\"elementor-widget-container\">\n\t\t\t\t\t\t\t\t\t\t\t\t\t\t\t<img fetchpriority=\"high\" decoding=\"async\" width=\"800\" height=\"534\" src=\"https:\/\/vector-pestcontrol.sharpgroup.co\/wp-content\/uploads\/2023\/12\/people-disinfecting-biohazard-area-1-1-1024x683.jpg\" class=\"attachment-large size-large wp-image-91\" alt=\"\" srcset=\"https:\/\/vector-pestcontrol.sharpgroup.co\/wp-content\/uploads\/2023\/12\/people-disinfecting-biohazard-area-1-1-1024x683.jpg 1024w, https:\/\/vector-pestcontrol.sharpgroup.co\/wp-content\/uploads\/2023\/12\/people-disinfecting-biohazard-area-1-1-300x200.jpg 300w, https:\/\/vector-pestcontrol.sharpgroup.co\/wp-content\/uploads\/2023\/12\/people-disinfecting-biohazard-area-1-1-768x512.jpg 768w, https:\/\/vector-pestcontrol.sharpgroup.co\/wp-content\/uploads\/2023\/12\/people-disinfecting-biohazard-area-1-1-1536x1024.jpg 1536w, https:\/\/vector-pestcontrol.sharpgroup.co\/wp-content\/uploads\/2023\/12\/people-disinfecting-biohazard-area-1-1-2048x1365.jpg 2048w\" sizes=\"(max-width: 800px) 100vw, 800px\" \/>\t\t\t\t\t\t\t\t\t\t\t\t\t\t\t<\/div>\n\t\t\t\t<\/div>\n\t\t\t\t<div class=\"elementor-element elementor-element-a7f117d elementor-widget elementor-widget-heading\" data-id=\"a7f117d\" data-element_type=\"widget\" data-widget_type=\"heading.default\">\n\t\t\t\t<div class=\"elementor-widget-container\">\n\t\t\t<h2 class=\"elementor-heading-title elementor-size-default\">Dezinsektim<\/h2>\t\t<\/div>\n\t\t\t\t<\/div>\n\t\t\t\t<div class=\"elementor-element elementor-element-f9bd16d elementor-widget-divider--view-line elementor-widget elementor-widget-divider\" data-id=\"f9bd16d\" data-element_type=\"widget\" data-widget_type=\"divider.default\">\n\t\t\t\t<div class=\"elementor-widget-container\">\n\t\t\t\t\t<div class=\"elementor-divider\">\n\t\t\t<span class=\"elementor-divider-separator\">\n\t\t\t\t\t\t<\/span>\n\t\t<\/div>\n\t\t\t\t<\/div>\n\t\t\t\t<\/div>\n\t\t\t\t<div class=\"elementor-element elementor-element-890ef66 elementor-widget elementor-widget-heading\" data-id=\"890ef66\" data-element_type=\"widget\" data-widget_type=\"heading.default\">\n\t\t\t\t<div class=\"elementor-widget-container\">\n\t\t\t<h2 class=\"elementor-heading-title elementor-size-default\">Siguria n\u00eb \u00e7do hap, jemi partner\u00eb n\u00eb dezinfektim dhe dezinsektim!<\/h2>\t\t<\/div>\n\t\t\t\t<\/div>\n\t\t\t\t\t<\/div>\n\t\t<\/div>\n\t\t\t\t\t\t\t<\/div>\n\t\t<\/section>\n\t\t\t\t\t<\/div>\n\t\t<\/div>\n\t\t\t\t<div class=\"elementor-column elementor-col-25 elementor-top-column elementor-element elementor-element-5530609\" data-id=\"5530609\" data-element_type=\"column\">\n\t\t\t<div class=\"elementor-widget-wrap elementor-element-populated\">\n\t\t\t\t\t\t\t\t<section class=\"elementor-section elementor-inner-section elementor-element elementor-element-d7d0eab elementor-section-boxed elementor-section-height-default elementor-section-height-default\" data-id=\"d7d0eab\" data-element_type=\"section\">\n\t\t\t\t\t\t<div class=\"elementor-container elementor-column-gap-default\">\n\t\t\t\t\t<div class=\"elementor-column elementor-col-100 elementor-inner-column elementor-element elementor-element-7e2b2cb\" data-id=\"7e2b2cb\" data-element_type=\"column\" data-settings=\"{&quot;background_background&quot;:&quot;classic&quot;}\">\n\t\t\t<div class=\"elementor-widget-wrap elementor-element-populated\">\n\t\t\t\t\t\t\t\t<div class=\"elementor-element elementor-element-a1a3547 elementor-widget elementor-widget-image\" data-id=\"a1a3547\" data-element_type=\"widget\" data-widget_type=\"image.default\">\n\t\t\t\t<div class=\"elementor-widget-container\">\n\t\t\t\t\t\t\t\t\t\t\t\t\t\t\t<img decoding=\"async\" width=\"800\" height=\"534\" src=\"https:\/\/vector-pestcontrol.sharpgroup.co\/wp-content\/uploads\/2023\/12\/unrecognizable-person-white-chemical-protection-suit-doing-disinfection-public-areas-stop-spreading-highly-contagious-corona-virus-1-1024x683.jpg\" class=\"attachment-large size-large wp-image-94\" alt=\"\" srcset=\"https:\/\/vector-pestcontrol.sharpgroup.co\/wp-content\/uploads\/2023\/12\/unrecognizable-person-white-chemical-protection-suit-doing-disinfection-public-areas-stop-spreading-highly-contagious-corona-virus-1-1024x683.jpg 1024w, https:\/\/vector-pestcontrol.sharpgroup.co\/wp-content\/uploads\/2023\/12\/unrecognizable-person-white-chemical-protection-suit-doing-disinfection-public-areas-stop-spreading-highly-contagious-corona-virus-1-300x200.jpg 300w, https:\/\/vector-pestcontrol.sharpgroup.co\/wp-content\/uploads\/2023\/12\/unrecognizable-person-white-chemical-protection-suit-doing-disinfection-public-areas-stop-spreading-highly-contagious-corona-virus-1-768x512.jpg 768w, https:\/\/vector-pestcontrol.sharpgroup.co\/wp-content\/uploads\/2023\/12\/unrecognizable-person-white-chemical-protection-suit-doing-disinfection-public-areas-stop-spreading-highly-contagious-corona-virus-1-1536x1024.jpg 1536w, https:\/\/vector-pestcontrol.sharpgroup.co\/wp-content\/uploads\/2023\/12\/unrecognizable-person-white-chemical-protection-suit-doing-disinfection-public-areas-stop-spreading-highly-contagious-corona-virus-1-2048x1365.jpg 2048w\" sizes=\"(max-width: 800px) 100vw, 800px\" \/>\t\t\t\t\t\t\t\t\t\t\t\t\t\t\t<\/div>\n\t\t\t\t<\/div>\n\t\t\t\t<div class=\"elementor-element elementor-element-7dfedfb elementor-widget elementor-widget-heading\" data-id=\"7dfedfb\" data-element_type=\"widget\" data-widget_type=\"heading.default\">\n\t\t\t\t<div class=\"elementor-widget-container\">\n\t\t\t<h2 class=\"elementor-heading-title elementor-size-default\">deratizim<\/h2>\t\t<\/div>\n\t\t\t\t<\/div>\n\t\t\t\t<div class=\"elementor-element elementor-element-c29542b elementor-widget-divider--view-line elementor-widget elementor-widget-divider\" data-id=\"c29542b\" data-element_type=\"widget\" data-widget_type=\"divider.default\">\n\t\t\t\t<div class=\"elementor-widget-container\">\n\t\t\t\t\t<div class=\"elementor-divider\">\n\t\t\t<span class=\"elementor-divider-separator\">\n\t\t\t\t\t\t<\/span>\n\t\t<\/div>\n\t\t\t\t<\/div>\n\t\t\t\t<\/div>\n\t\t\t\t<div class=\"elementor-element elementor-element-fb38535 elementor-widget elementor-widget-heading\" data-id=\"fb38535\" data-element_type=\"widget\" data-widget_type=\"heading.default\">\n\t\t\t\t<div class=\"elementor-widget-container\">\n\t\t\t<h2 class=\"elementor-heading-title elementor-size-default\">Siguria n\u00eb \u00e7do hap, jemi partner\u00eb n\u00eb dezinfektim dhe dezinsektim!<\/h2>\t\t<\/div>\n\t\t\t\t<\/div>\n\t\t\t\t\t<\/div>\n\t\t<\/div>\n\t\t\t\t\t\t\t<\/div>\n\t\t<\/section>\n\t\t\t\t\t<\/div>\n\t\t<\/div>\n\t\t\t\t<div class=\"elementor-column elementor-col-25 elementor-top-column elementor-element elementor-element-951c97b\" data-id=\"951c97b\" data-element_type=\"column\">\n\t\t\t<div class=\"elementor-widget-wrap elementor-element-populated\">\n\t\t\t\t\t\t\t\t<section class=\"elementor-section elementor-inner-section elementor-element elementor-element-b84b38c elementor-section-boxed elementor-section-height-default elementor-section-height-default\" data-id=\"b84b38c\" data-element_type=\"section\">\n\t\t\t\t\t\t<div class=\"elementor-container elementor-column-gap-default\">\n\t\t\t\t\t<div class=\"elementor-column elementor-col-100 elementor-inner-column elementor-element elementor-element-40a9abf\" data-id=\"40a9abf\" data-element_type=\"column\" data-settings=\"{&quot;background_background&quot;:&quot;classic&quot;}\">\n\t\t\t<div class=\"elementor-widget-wrap elementor-element-populated\">\n\t\t\t\t\t\t\t\t<div class=\"elementor-element elementor-element-e66aeed elementor-widget elementor-widget-image\" data-id=\"e66aeed\" data-element_type=\"widget\" data-widget_type=\"image.default\">\n\t\t\t\t<div class=\"elementor-widget-container\">\n\t\t\t\t\t\t\t\t\t\t\t\t\t\t\t<img decoding=\"async\" width=\"800\" height=\"534\" src=\"https:\/\/vector-pestcontrol.sharpgroup.co\/wp-content\/uploads\/2023\/12\/unrecognizable-person-white-chemical-protection-suit-doing-disinfection-public-areas-stop-spreading-highly-contagious-corona-virus-1-1024x683.jpg\" class=\"attachment-large size-large wp-image-94\" alt=\"\" srcset=\"https:\/\/vector-pestcontrol.sharpgroup.co\/wp-content\/uploads\/2023\/12\/unrecognizable-person-white-chemical-protection-suit-doing-disinfection-public-areas-stop-spreading-highly-contagious-corona-virus-1-1024x683.jpg 1024w, https:\/\/vector-pestcontrol.sharpgroup.co\/wp-content\/uploads\/2023\/12\/unrecognizable-person-white-chemical-protection-suit-doing-disinfection-public-areas-stop-spreading-highly-contagious-corona-virus-1-300x200.jpg 300w, https:\/\/vector-pestcontrol.sharpgroup.co\/wp-content\/uploads\/2023\/12\/unrecognizable-person-white-chemical-protection-suit-doing-disinfection-public-areas-stop-spreading-highly-contagious-corona-virus-1-768x512.jpg 768w, https:\/\/vector-pestcontrol.sharpgroup.co\/wp-content\/uploads\/2023\/12\/unrecognizable-person-white-chemical-protection-suit-doing-disinfection-public-areas-stop-spreading-highly-contagious-corona-virus-1-1536x1024.jpg 1536w, https:\/\/vector-pestcontrol.sharpgroup.co\/wp-content\/uploads\/2023\/12\/unrecognizable-person-white-chemical-protection-suit-doing-disinfection-public-areas-stop-spreading-highly-contagious-corona-virus-1-2048x1365.jpg 2048w\" sizes=\"(max-width: 800px) 100vw, 800px\" \/>\t\t\t\t\t\t\t\t\t\t\t\t\t\t\t<\/div>\n\t\t\t\t<\/div>\n\t\t\t\t<div class=\"elementor-element elementor-element-b13f93a elementor-widget elementor-widget-heading\" data-id=\"b13f93a\" data-element_type=\"widget\" data-widget_type=\"heading.default\">\n\t\t\t\t<div class=\"elementor-widget-container\">\n\t\t\t<h2 class=\"elementor-heading-title elementor-size-default\">Fumigim<\/h2>\t\t<\/div>\n\t\t\t\t<\/div>\n\t\t\t\t<div class=\"elementor-element elementor-element-8fbc448 elementor-widget-divider--view-line elementor-widget elementor-widget-divider\" data-id=\"8fbc448\" data-element_type=\"widget\" data-widget_type=\"divider.default\">\n\t\t\t\t<div class=\"elementor-widget-container\">\n\t\t\t\t\t<div class=\"elementor-divider\">\n\t\t\t<span class=\"elementor-divider-separator\">\n\t\t\t\t\t\t<\/span>\n\t\t<\/div>\n\t\t\t\t<\/div>\n\t\t\t\t<\/div>\n\t\t\t\t<div class=\"elementor-element elementor-element-b1640cc elementor-widget elementor-widget-heading\" data-id=\"b1640cc\" data-element_type=\"widget\" data-widget_type=\"heading.default\">\n\t\t\t\t<div class=\"elementor-widget-container\">\n\t\t\t<h2 class=\"elementor-heading-title elementor-size-default\">Siguria n\u00eb \u00e7do hap, jemi partner\u00eb n\u00eb dezinfektim dhe dezinsektim!<\/h2>\t\t<\/div>\n\t\t\t\t<\/div>\n\t\t\t\t\t<\/div>\n\t\t<\/div>\n\t\t\t\t\t\t\t<\/div>\n\t\t<\/section>\n\t\t\t\t\t<\/div>\n\t\t<\/div>\n\t\t\t\t\t\t\t<\/div>\n\t\t<\/section>\n\t\t\t\t\t\t\t<\/div>\n\t\t","protected":false},"excerpt":{"rendered":"<p>Sherbimet Tona Dezinfektim Siguria n\u00eb \u00e7do hap, jemi partner\u00eb n\u00eb dezinfektim dhe dezinsektim! Dezinsektim Siguria n\u00eb \u00e7do hap, jemi partner\u00eb n\u00eb dezinfektim dhe dezinsektim! deratizim Siguria n\u00eb \u00e7do hap, jemi partner\u00eb n\u00eb dezinfektim dhe dezinsektim! Fumigim Siguria n\u00eb \u00e7do hap, jemi partner\u00eb n\u00eb dezinfektim dhe dezinsektim!<\/p>\n","protected":false},"author":1,"featured_media":0,"parent":0,"menu_order":0,"comment_status":"closed","ping_status":"closed","template":"elementor_header_footer","meta":{"footnotes":""},"_links":{"self":[{"href":"https:\/\/vector-pestcontrol.sharpgroup.co\/index.php\/wp-json\/wp\/v2\/pages\/132"}],"collection":[{"href":"https:\/\/vector-pestcontrol.sharpgroup.co\/index.php\/wp-json\/wp\/v2\/pages"}],"about":[{"href":"https:\/\/vector-pestcontrol.sharpgroup.co\/index.php\/wp-json\/wp\/v2\/types\/page"}],"author":[{"embeddable":true,"href":"https:\/\/vector-pestcontrol.sharpgroup.co\/index.php\/wp-json\/wp\/v2\/users\/1"}],"replies":[{"embeddable":true,"href":"https:\/\/vector-pestcontrol.sharpgroup.co\/index.php\/wp-json\/wp\/v2\/comments?post=132"}],"version-history":[{"count":20,"href":"https:\/\/vector-pestcontrol.sharpgroup.co\/index.php\/wp-json\/wp\/v2\/pages\/132\/revisions"}],"predecessor-version":[{"id":501,"href":"https:\/\/vector-pestcontrol.sharpgroup.co\/index.php\/wp-json\/wp\/v2\/pages\/132\/revisions\/501"}],"wp:attachment":[{"href":"https:\/\/vector-pestcontrol.sharpgroup.co\/index.php\/wp-json\/wp\/v2\/media?parent=132"}],"curies":[{"name":"wp","href":"https:\/\/api.w.org\/{rel}","templated":true}]}}